{"id":233,"date":"2023-07-22T16:28:22","date_gmt":"2023-07-22T14:28:22","guid":{"rendered":"http:\/\/uppik.fr\/?page_id=233"},"modified":"2023-07-22T17:23:53","modified_gmt":"2023-07-22T15:23:53","slug":"veste-coupe-vent-homme-proto-1","status":"publish","type":"page","link":"https:\/\/uppik.fr\/index.php\/veste-coupe-vent-homme-proto-1\/","title":{"rendered":"Veste Coupe Vent Homme Proto #1"},"content":{"rendered":"\t\t<div data-elementor-type=\"wp-page\" data-elementor-id=\"233\" class=\"elementor elementor-233\" data-elementor-post-type=\"page\">\n\t\t\t\t\t\t<section class=\"elementor-section elementor-top-section elementor-element elementor-element-a2ef2fb elementor-section-boxed elementor-section-height-default elementor-section-height-default\" data-id=\"a2ef2fb\" data-element_type=\"section\">\n\t\t\t\t\t\t<div class=\"elementor-container elementor-column-gap-default\">\n\t\t\t\t\t<div class=\"elementor-column elementor-col-100 elementor-top-column elementor-element elementor-element-5991345\" data-id=\"5991345\" data-element_type=\"column\">\n\t\t\t<div class=\"elementor-widget-wrap elementor-element-populated\">\n\t\t\t\t\t\t<div class=\"elementor-element elementor-element-9647829 elementor-widget elementor-widget-image\" data-id=\"9647829\" data-element_type=\"widget\" data-widget_type=\"image.default\">\n\t\t\t\t<div class=\"elementor-widget-container\">\n\t\t\t\t\t\t\t\t\t\t\t\t\t\t\t<img fetchpriority=\"high\" decoding=\"async\" width=\"188\" height=\"300\" src=\"https:\/\/uppik.fr\/wp-content\/uploads\/2023\/07\/DSC03756-188x300.jpg\" class=\"attachment-medium size-medium wp-image-235\" alt=\"\" srcset=\"https:\/\/uppik.fr\/wp-content\/uploads\/2023\/07\/DSC03756-188x300.jpg 188w, https:\/\/uppik.fr\/wp-content\/uploads\/2023\/07\/DSC03756-scaled-600x957.jpg 600w, https:\/\/uppik.fr\/wp-content\/uploads\/2023\/07\/DSC03756-642x1024.jpg 642w, https:\/\/uppik.fr\/wp-content\/uploads\/2023\/07\/DSC03756-768x1225.jpg 768w, https:\/\/uppik.fr\/wp-content\/uploads\/2023\/07\/DSC03756-963x1536.jpg 963w, https:\/\/uppik.fr\/wp-content\/uploads\/2023\/07\/DSC03756-1284x2048.jpg 1284w, https:\/\/uppik.fr\/wp-content\/uploads\/2023\/07\/DSC03756-1800x2870.jpg 1800w, https:\/\/uppik.fr\/wp-content\/uploads\/2023\/07\/DSC03756-scaled.jpg 1605w\" sizes=\"(max-width: 188px) 100vw, 188px\" \/>\t\t\t\t\t\t\t\t\t\t\t\t\t\t\t<\/div>\n\t\t\t\t<\/div>\n\t\t\t\t\t<\/div>\n\t\t<\/div>\n\t\t\t\t\t<\/div>\n\t\t<\/section>\n\t\t\t\t<section class=\"elementor-section elementor-top-section elementor-element elementor-element-1509250 elementor-section-boxed elementor-section-height-default elementor-section-height-default\" data-id=\"1509250\" data-element_type=\"section\">\n\t\t\t\t\t\t<div class=\"elementor-container elementor-column-gap-default\">\n\t\t\t\t\t<div class=\"elementor-column elementor-col-100 elementor-top-column elementor-element elementor-element-f3a8295\" data-id=\"f3a8295\" data-element_type=\"column\">\n\t\t\t<div class=\"elementor-widget-wrap elementor-element-populated\">\n\t\t\t\t\t\t<div class=\"elementor-element elementor-element-b6b901c elementor-widget elementor-widget-text-editor\" data-id=\"b6b901c\" data-element_type=\"widget\" data-widget_type=\"text-editor.default\">\n\t\t\t\t<div class=\"elementor-widget-container\">\n\t\t\t\t\t\t\t\t\t<p><span style=\"text-decoration: underline;\"><strong>Description :<\/strong><\/span><\/p><ul><li style=\"list-style-type: none;\"><ul><li>Num\u00e9ro de s\u00e9rie : #P0001<\/li><li>R\u00e9f\u00e9rence : Coupe vent Homme proto #1<\/li><li>Taille : M<\/li><li>Veste coupe vent de running &#8211; Homme<\/li><li>Lumineuse pour votre s\u00e9curit\u00e9<\/li><\/ul><\/li><\/ul><p><span style=\"text-decoration: underline;\"><strong>Composition :<\/strong><\/span><\/p><ul><li style=\"list-style-type: none;\"><ul><li>99% Polyamide, 1% Elasthanne<\/li><\/ul><\/li><\/ul><p><span style=\"text-decoration: underline;\"><strong>Instruction de nettoyage : <\/strong><\/span><\/p><ul><li style=\"list-style-type: none;\"><ul><li>Enlevez la pression lumineuse pour le lavage<\/li><li>Laver \u00e0 30\u00b0 sans s\u00e8che linge ni repassage<\/li><\/ul><\/li><\/ul>\t\t\t\t\t\t\t\t<\/div>\n\t\t\t\t<\/div>\n\t\t\t\t\t<\/div>\n\t\t<\/div>\n\t\t\t\t\t<\/div>\n\t\t<\/section>\n\t\t\t\t<section class=\"elementor-section elementor-top-section elementor-element elementor-element-058d15e elementor-section-boxed elementor-section-height-default elementor-section-height-default\" data-id=\"058d15e\" data-element_type=\"section\">\n\t\t\t\t\t\t<div class=\"elementor-container elementor-column-gap-default\">\n\t\t\t\t\t<div class=\"elementor-column elementor-col-100 elementor-top-column elementor-element elementor-element-7520d29\" data-id=\"7520d29\" data-element_type=\"column\">\n\t\t\t<div class=\"elementor-widget-wrap elementor-element-populated\">\n\t\t\t\t\t\t<div class=\"elementor-element elementor-element-bd303b8 elementor-widget elementor-widget-spacer\" data-id=\"bd303b8\" data-element_type=\"widget\" data-widget_type=\"spacer.default\">\n\t\t\t\t<div class=\"elementor-widget-container\">\n\t\t\t\t\t\t\t<div class=\"elementor-spacer\">\n\t\t\t<div class=\"elementor-spacer-inner\"><\/div>\n\t\t<\/div>\n\t\t\t\t\t\t<\/div>\n\t\t\t\t<\/div>\n\t\t\t\t\t<\/div>\n\t\t<\/div>\n\t\t\t\t\t<\/div>\n\t\t<\/section>\n\t\t\t\t<section class=\"elementor-section elementor-top-section elementor-element elementor-element-3ec8451 elementor-section-boxed elementor-section-height-default elementor-section-height-default\" data-id=\"3ec8451\" data-element_type=\"section\">\n\t\t\t\t\t\t<div class=\"elementor-container elementor-column-gap-default\">\n\t\t\t\t\t<div class=\"elementor-column elementor-col-100 elementor-top-column elementor-element elementor-element-3e50dd7\" data-id=\"3e50dd7\" data-element_type=\"column\">\n\t\t\t<div class=\"elementor-widget-wrap elementor-element-populated\">\n\t\t\t\t\t\t<div class=\"elementor-element elementor-element-db2ecb5 elementor-widget elementor-widget-text-editor\" data-id=\"db2ecb5\" data-element_type=\"widget\" data-widget_type=\"text-editor.default\">\n\t\t\t\t<div class=\"elementor-widget-container\">\n\t\t\t\t\t\t\t\t\t<h1 style=\"text-align: center;\"><strong>R\u00e9parable \u00e0 vie<\/strong><\/h1><p style=\"text-align: center;\">Inscrivez vous au programme de r\u00e9paration<\/p>\t\t\t\t\t\t\t\t<\/div>\n\t\t\t\t<\/div>\n\t\t\t\t\t<\/div>\n\t\t<\/div>\n\t\t\t\t\t<\/div>\n\t\t<\/section>\n\t\t\t\t<\/div>\n\t\t","protected":false},"excerpt":{"rendered":"<p>Description : Num\u00e9ro de s\u00e9rie : #P0001 R\u00e9f\u00e9rence : Coupe vent Homme proto #1 Taille : M Veste coupe vent de running &#8211; Homme Lumineuse [&#8230;]<\/p>\n","protected":false},"author":1,"featured_media":0,"parent":0,"menu_order":0,"comment_status":"closed","ping_status":"closed","template":"","meta":{"footnotes":""},"class_list":["post-233","page","type-page","status-publish","hentry"],"jetpack_sharing_enabled":true,"_links":{"self":[{"href":"https:\/\/uppik.fr\/index.php\/wp-json\/wp\/v2\/pages\/233","targetHints":{"allow":["GET"]}}],"collection":[{"href":"https:\/\/uppik.fr\/index.php\/wp-json\/wp\/v2\/pages"}],"about":[{"href":"https:\/\/uppik.fr\/index.php\/wp-json\/wp\/v2\/types\/page"}],"author":[{"embeddable":true,"href":"https:\/\/uppik.fr\/index.php\/wp-json\/wp\/v2\/users\/1"}],"replies":[{"embeddable":true,"href":"https:\/\/uppik.fr\/index.php\/wp-json\/wp\/v2\/comments?post=233"}],"version-history":[{"count":10,"href":"https:\/\/uppik.fr\/index.php\/wp-json\/wp\/v2\/pages\/233\/revisions"}],"predecessor-version":[{"id":255,"href":"https:\/\/uppik.fr\/index.php\/wp-json\/wp\/v2\/pages\/233\/revisions\/255"}],"wp:attachment":[{"href":"https:\/\/uppik.fr\/index.php\/wp-json\/wp\/v2\/media?parent=233"}],"curies":[{"name":"wp","href":"https:\/\/api.w.org\/{rel}","templated":true}]}}