{"id":87,"date":"2023-05-08T11:59:42","date_gmt":"2023-05-08T09:59:42","guid":{"rendered":"http:\/\/uppik.fr\/?page_id=87"},"modified":"2024-01-29T23:23:11","modified_gmt":"2024-01-29T22:23:11","slug":"tout-savoir-sur-notre-veste","status":"publish","type":"page","link":"https:\/\/uppik.fr\/index.php\/tout-savoir-sur-notre-veste\/","title":{"rendered":"TOUT SAVOIR SUR NOS VESTES"},"content":{"rendered":"\t\t<div data-elementor-type=\"wp-page\" data-elementor-id=\"87\" class=\"elementor elementor-87\" data-elementor-post-type=\"page\">\n\t\t\t\t\t\t<section class=\"elementor-section elementor-top-section elementor-element elementor-element-11e3a0c elementor-section-boxed elementor-section-height-default elementor-section-height-default\" data-id=\"11e3a0c\" data-element_type=\"section\">\n\t\t\t\t\t\t<div class=\"elementor-container elementor-column-gap-default\">\n\t\t\t\t\t<div class=\"elementor-column elementor-col-100 elementor-top-column elementor-element elementor-element-e9b7ca8\" data-id=\"e9b7ca8\" data-element_type=\"column\">\n\t\t\t<div class=\"elementor-widget-wrap elementor-element-populated\">\n\t\t\t\t\t\t<div class=\"elementor-element elementor-element-b3bc68a elementor-widget elementor-widget-text-editor\" data-id=\"b3bc68a\" data-element_type=\"widget\" data-widget_type=\"text-editor.default\">\n\t\t\t\t<div class=\"elementor-widget-container\">\n\t\t\t\t\t\t\t\t\t<h5 style=\"text-align: center;\" data-block=\"true\" data-editor=\"1u5ae\" data-offset-key=\"bds3b-0-0\"><strong>Ces vestes, sp\u00e9ciale automne &#8211; hiver &#8211; soirs et matins plus frais, sont issues, tu l\u2019as bien compris, d\u2019une production locale, <\/strong><\/h5><h5 style=\"text-align: center;\" data-block=\"true\" data-editor=\"1u5ae\" data-offset-key=\"bds3b-0-0\"><strong>100% made in Rh\u00f4ne Alpes.<\/strong><\/h5><div data-block=\"true\" data-editor=\"1u5ae\" data-offset-key=\"buojr-0-0\"><p style=\"text-align: center;\" data-offset-key=\"buojr-0-0\">Parlons, maintenant, de leurs fonctionnalit\u00e9s qui vont simplifier ta pratique du running.<\/p><\/div>\t\t\t\t\t\t\t\t<\/div>\n\t\t\t\t<\/div>\n\t\t\t\t\t<\/div>\n\t\t<\/div>\n\t\t\t\t\t<\/div>\n\t\t<\/section>\n\t\t\t\t<section class=\"elementor-section elementor-top-section elementor-element elementor-element-eb7d6ef elementor-section-boxed elementor-section-height-default elementor-section-height-default\" data-id=\"eb7d6ef\" data-element_type=\"section\">\n\t\t\t\t\t\t<div class=\"elementor-container elementor-column-gap-default\">\n\t\t\t\t\t<div class=\"elementor-column elementor-col-100 elementor-top-column elementor-element elementor-element-c6afb74\" data-id=\"c6afb74\" data-element_type=\"column\">\n\t\t\t<div class=\"elementor-widget-wrap elementor-element-populated\">\n\t\t\t\t\t\t<div class=\"elementor-element elementor-element-0014af3 elementor-widget elementor-widget-spacer\" data-id=\"0014af3\" data-element_type=\"widget\" data-widget_type=\"spacer.default\">\n\t\t\t\t<div class=\"elementor-widget-container\">\n\t\t\t\t\t\t\t<div class=\"elementor-spacer\">\n\t\t\t<div class=\"elementor-spacer-inner\"><\/div>\n\t\t<\/div>\n\t\t\t\t\t\t<\/div>\n\t\t\t\t<\/div>\n\t\t\t\t\t<\/div>\n\t\t<\/div>\n\t\t\t\t\t<\/div>\n\t\t<\/section>\n\t\t\t\t<section class=\"elementor-section elementor-top-section elementor-element elementor-element-0b301d0 elementor-section-boxed elementor-section-height-default elementor-section-height-default\" data-id=\"0b301d0\" data-element_type=\"section\">\n\t\t\t\t\t\t<div class=\"elementor-container elementor-column-gap-no\">\n\t\t\t\t\t<div class=\"elementor-column elementor-col-50 elementor-top-column elementor-element elementor-element-3118a0b\" data-id=\"3118a0b\" data-element_type=\"column\">\n\t\t\t<div class=\"elementor-widget-wrap elementor-element-populated\">\n\t\t\t\t\t\t<div class=\"elementor-element elementor-element-106f924 elementor-widget elementor-widget-image\" data-id=\"106f924\" data-element_type=\"widget\" data-widget_type=\"image.default\">\n\t\t\t\t<div class=\"elementor-widget-container\">\n\t\t\t\t\t\t\t\t\t\t\t\t\t\t\t<img fetchpriority=\"high\" decoding=\"async\" width=\"819\" height=\"1024\" src=\"https:\/\/uppik.fr\/wp-content\/uploads\/2024\/01\/spu-32.wjVewLjtJ1-819x1024.jpeg\" class=\"attachment-large size-large wp-image-401\" alt=\"\" srcset=\"https:\/\/uppik.fr\/wp-content\/uploads\/2024\/01\/spu-32.wjVewLjtJ1-819x1024.jpeg 819w, https:\/\/uppik.fr\/wp-content\/uploads\/2024\/01\/spu-32.wjVewLjtJ1-scaled-600x750.jpeg 600w, https:\/\/uppik.fr\/wp-content\/uploads\/2024\/01\/spu-32.wjVewLjtJ1-240x300.jpeg 240w, https:\/\/uppik.fr\/wp-content\/uploads\/2024\/01\/spu-32.wjVewLjtJ1-768x960.jpeg 768w, https:\/\/uppik.fr\/wp-content\/uploads\/2024\/01\/spu-32.wjVewLjtJ1-1229x1536.jpeg 1229w, https:\/\/uppik.fr\/wp-content\/uploads\/2024\/01\/spu-32.wjVewLjtJ1-1638x2048.jpeg 1638w, https:\/\/uppik.fr\/wp-content\/uploads\/2024\/01\/spu-32.wjVewLjtJ1-1800x2250.jpeg 1800w, https:\/\/uppik.fr\/wp-content\/uploads\/2024\/01\/spu-32.wjVewLjtJ1-scaled.jpeg 2048w\" sizes=\"(max-width: 819px) 100vw, 819px\" \/>\t\t\t\t\t\t\t\t\t\t\t\t\t\t\t<\/div>\n\t\t\t\t<\/div>\n\t\t\t\t\t<\/div>\n\t\t<\/div>\n\t\t\t\t<div class=\"elementor-column elementor-col-50 elementor-top-column elementor-element elementor-element-979960c\" data-id=\"979960c\" data-element_type=\"column\">\n\t\t\t<div class=\"elementor-widget-wrap elementor-element-populated\">\n\t\t\t\t\t\t<div class=\"elementor-element elementor-element-9adb718 elementor-widget elementor-widget-image\" data-id=\"9adb718\" data-element_type=\"widget\" data-widget_type=\"image.default\">\n\t\t\t\t<div class=\"elementor-widget-container\">\n\t\t\t\t\t\t\t\t\t\t\t\t\t\t\t<img decoding=\"async\" width=\"819\" height=\"1024\" src=\"https:\/\/uppik.fr\/wp-content\/uploads\/2024\/01\/spu-34.Opv5r6tMUm-819x1024.jpeg\" class=\"attachment-large size-large wp-image-402\" alt=\"\" srcset=\"https:\/\/uppik.fr\/wp-content\/uploads\/2024\/01\/spu-34.Opv5r6tMUm-819x1024.jpeg 819w, https:\/\/uppik.fr\/wp-content\/uploads\/2024\/01\/spu-34.Opv5r6tMUm-scaled-600x750.jpeg 600w, https:\/\/uppik.fr\/wp-content\/uploads\/2024\/01\/spu-34.Opv5r6tMUm-240x300.jpeg 240w, https:\/\/uppik.fr\/wp-content\/uploads\/2024\/01\/spu-34.Opv5r6tMUm-768x960.jpeg 768w, https:\/\/uppik.fr\/wp-content\/uploads\/2024\/01\/spu-34.Opv5r6tMUm-1229x1536.jpeg 1229w, https:\/\/uppik.fr\/wp-content\/uploads\/2024\/01\/spu-34.Opv5r6tMUm-1638x2048.jpeg 1638w, https:\/\/uppik.fr\/wp-content\/uploads\/2024\/01\/spu-34.Opv5r6tMUm-1800x2250.jpeg 1800w, https:\/\/uppik.fr\/wp-content\/uploads\/2024\/01\/spu-34.Opv5r6tMUm-scaled.jpeg 2048w\" sizes=\"(max-width: 819px) 100vw, 819px\" \/>\t\t\t\t\t\t\t\t\t\t\t\t\t\t\t<\/div>\n\t\t\t\t<\/div>\n\t\t\t\t\t<\/div>\n\t\t<\/div>\n\t\t\t\t\t<\/div>\n\t\t<\/section>\n\t\t\t\t<section class=\"elementor-section elementor-top-section elementor-element elementor-element-102a279 elementor-section-boxed elementor-section-height-default elementor-section-height-default\" data-id=\"102a279\" data-element_type=\"section\">\n\t\t\t\t\t\t<div class=\"elementor-container elementor-column-gap-default\">\n\t\t\t\t\t<div class=\"elementor-column elementor-col-100 elementor-top-column elementor-element elementor-element-ba201c5\" data-id=\"ba201c5\" data-element_type=\"column\">\n\t\t\t<div class=\"elementor-widget-wrap elementor-element-populated\">\n\t\t\t\t\t\t<div class=\"elementor-element elementor-element-013c4dd elementor-widget elementor-widget-spacer\" data-id=\"013c4dd\" data-element_type=\"widget\" data-widget_type=\"spacer.default\">\n\t\t\t\t<div class=\"elementor-widget-container\">\n\t\t\t\t\t\t\t<div class=\"elementor-spacer\">\n\t\t\t<div class=\"elementor-spacer-inner\"><\/div>\n\t\t<\/div>\n\t\t\t\t\t\t<\/div>\n\t\t\t\t<\/div>\n\t\t\t\t\t<\/div>\n\t\t<\/div>\n\t\t\t\t\t<\/div>\n\t\t<\/section>\n\t\t\t\t<section class=\"elementor-section elementor-top-section elementor-element elementor-element-ac27a35 elementor-section-boxed elementor-section-height-default elementor-section-height-default\" data-id=\"ac27a35\" data-element_type=\"section\">\n\t\t\t\t\t\t<div class=\"elementor-container elementor-column-gap-no\">\n\t\t\t\t\t<div class=\"elementor-column elementor-col-50 elementor-top-column elementor-element elementor-element-071576e\" data-id=\"071576e\" data-element_type=\"column\">\n\t\t\t<div class=\"elementor-widget-wrap elementor-element-populated\">\n\t\t\t\t\t\t<div class=\"elementor-element elementor-element-5e8aec2 elementor-widget elementor-widget-image\" data-id=\"5e8aec2\" data-element_type=\"widget\" data-widget_type=\"image.default\">\n\t\t\t\t<div class=\"elementor-widget-container\">\n\t\t\t\t\t\t\t\t\t\t\t\t\t\t\t<img decoding=\"async\" width=\"819\" height=\"1024\" src=\"https:\/\/uppik.fr\/wp-content\/uploads\/2024\/01\/spu-83.PFrnwzyOpi-819x1024.jpeg\" class=\"attachment-large size-large wp-image-396\" alt=\"\" srcset=\"https:\/\/uppik.fr\/wp-content\/uploads\/2024\/01\/spu-83.PFrnwzyOpi-819x1024.jpeg 819w, https:\/\/uppik.fr\/wp-content\/uploads\/2024\/01\/spu-83.PFrnwzyOpi-scaled-600x750.jpeg 600w, https:\/\/uppik.fr\/wp-content\/uploads\/2024\/01\/spu-83.PFrnwzyOpi-240x300.jpeg 240w, https:\/\/uppik.fr\/wp-content\/uploads\/2024\/01\/spu-83.PFrnwzyOpi-768x960.jpeg 768w, https:\/\/uppik.fr\/wp-content\/uploads\/2024\/01\/spu-83.PFrnwzyOpi-1229x1536.jpeg 1229w, https:\/\/uppik.fr\/wp-content\/uploads\/2024\/01\/spu-83.PFrnwzyOpi-1638x2048.jpeg 1638w, https:\/\/uppik.fr\/wp-content\/uploads\/2024\/01\/spu-83.PFrnwzyOpi-1800x2250.jpeg 1800w, https:\/\/uppik.fr\/wp-content\/uploads\/2024\/01\/spu-83.PFrnwzyOpi-scaled.jpeg 2048w\" sizes=\"(max-width: 819px) 100vw, 819px\" \/>\t\t\t\t\t\t\t\t\t\t\t\t\t\t\t<\/div>\n\t\t\t\t<\/div>\n\t\t\t\t\t<\/div>\n\t\t<\/div>\n\t\t\t\t<div class=\"elementor-column elementor-col-50 elementor-top-column elementor-element elementor-element-51c9dea\" data-id=\"51c9dea\" data-element_type=\"column\">\n\t\t\t<div class=\"elementor-widget-wrap elementor-element-populated\">\n\t\t\t\t\t\t<div class=\"elementor-element elementor-element-2661899 elementor-widget elementor-widget-image\" data-id=\"2661899\" data-element_type=\"widget\" data-widget_type=\"image.default\">\n\t\t\t\t<div class=\"elementor-widget-container\">\n\t\t\t\t\t\t\t\t\t\t\t\t\t\t\t<img loading=\"lazy\" decoding=\"async\" width=\"819\" height=\"1024\" src=\"https:\/\/uppik.fr\/wp-content\/uploads\/2024\/01\/spu-84.88LC8K6dNk-819x1024.jpeg\" class=\"attachment-large size-large wp-image-397\" alt=\"\" srcset=\"https:\/\/uppik.fr\/wp-content\/uploads\/2024\/01\/spu-84.88LC8K6dNk-819x1024.jpeg 819w, https:\/\/uppik.fr\/wp-content\/uploads\/2024\/01\/spu-84.88LC8K6dNk-scaled-600x750.jpeg 600w, https:\/\/uppik.fr\/wp-content\/uploads\/2024\/01\/spu-84.88LC8K6dNk-240x300.jpeg 240w, https:\/\/uppik.fr\/wp-content\/uploads\/2024\/01\/spu-84.88LC8K6dNk-768x960.jpeg 768w, https:\/\/uppik.fr\/wp-content\/uploads\/2024\/01\/spu-84.88LC8K6dNk-1229x1536.jpeg 1229w, https:\/\/uppik.fr\/wp-content\/uploads\/2024\/01\/spu-84.88LC8K6dNk-1638x2048.jpeg 1638w, https:\/\/uppik.fr\/wp-content\/uploads\/2024\/01\/spu-84.88LC8K6dNk-1800x2250.jpeg 1800w, https:\/\/uppik.fr\/wp-content\/uploads\/2024\/01\/spu-84.88LC8K6dNk-scaled.jpeg 2048w\" sizes=\"(max-width: 819px) 100vw, 819px\" \/>\t\t\t\t\t\t\t\t\t\t\t\t\t\t\t<\/div>\n\t\t\t\t<\/div>\n\t\t\t\t\t<\/div>\n\t\t<\/div>\n\t\t\t\t\t<\/div>\n\t\t<\/section>\n\t\t\t\t<section class=\"elementor-section elementor-top-section elementor-element elementor-element-1fdf1e0 elementor-section-boxed elementor-section-height-default elementor-section-height-default\" data-id=\"1fdf1e0\" data-element_type=\"section\">\n\t\t\t\t\t\t<div class=\"elementor-container elementor-column-gap-default\">\n\t\t\t\t\t<div class=\"elementor-column elementor-col-100 elementor-top-column elementor-element elementor-element-ac1a81e\" data-id=\"ac1a81e\" data-element_type=\"column\">\n\t\t\t<div class=\"elementor-widget-wrap elementor-element-populated\">\n\t\t\t\t\t\t<div class=\"elementor-element elementor-element-b3ae8c1 elementor-widget elementor-widget-spacer\" data-id=\"b3ae8c1\" data-element_type=\"widget\" data-widget_type=\"spacer.default\">\n\t\t\t\t<div class=\"elementor-widget-container\">\n\t\t\t\t\t\t\t<div class=\"elementor-spacer\">\n\t\t\t<div class=\"elementor-spacer-inner\"><\/div>\n\t\t<\/div>\n\t\t\t\t\t\t<\/div>\n\t\t\t\t<\/div>\n\t\t\t\t\t<\/div>\n\t\t<\/div>\n\t\t\t\t\t<\/div>\n\t\t<\/section>\n\t\t\t\t<section class=\"elementor-section elementor-top-section elementor-element elementor-element-a57121c elementor-section-boxed elementor-section-height-default elementor-section-height-default\" data-id=\"a57121c\" data-element_type=\"section\">\n\t\t\t\t\t\t<div class=\"elementor-container elementor-column-gap-default\">\n\t\t\t\t\t<div class=\"elementor-column elementor-col-100 elementor-top-column elementor-element elementor-element-cbbd2bb\" data-id=\"cbbd2bb\" data-element_type=\"column\">\n\t\t\t<div class=\"elementor-widget-wrap elementor-element-populated\">\n\t\t\t\t\t\t<div class=\"elementor-element elementor-element-56b63ee elementor-widget elementor-widget-text-editor\" data-id=\"56b63ee\" data-element_type=\"widget\" data-widget_type=\"text-editor.default\">\n\t\t\t\t<div class=\"elementor-widget-container\">\n\t\t\t\t\t\t\t\t\t<div data-block=\"true\" data-editor=\"1u5ae\" data-offset-key=\"4btnr-0-0\"><h5 data-offset-key=\"4btnr-0-0\">S\u00c9CURIT\u00c9<\/h5><\/div><div data-block=\"true\" data-editor=\"1u5ae\" data-offset-key=\"eaudk-0-0\"><div style=\"padding-left: 40px;\" data-offset-key=\"eaudk-0-0\"><strong>#1<\/strong> Les attaches, \u00e0 l&#8217;avant et \u00e0 l&#8217;arri\u00e8re, pour la LED permettent, comme son nom l\u2019indique, d\u2019attacher la LED qui permettra de signaler ta pr\u00e9sence aupr\u00e8s des automobilistes.<\/div><div data-offset-key=\"eaudk-0-0\">\u00a0<\/div><\/div><div data-block=\"true\" data-editor=\"1u5ae\" data-offset-key=\"2g51f-0-0\"><div style=\"padding-left: 40px;\" data-offset-key=\"2g51f-0-0\">La technologie que l&#8217;on a con\u00e7ue utilise l&#8217;\u00e9nergie produite par le frottement entre ton bras et tes c\u00f4tes pour alimenter cette lumi\u00e8re.<\/div><div style=\"padding-left: 40px;\" data-offset-key=\"2g51f-0-0\">\u00a0<\/div><\/div><div data-block=\"true\" data-editor=\"1u5ae\" data-offset-key=\"8ndua-0-0\"><div style=\"padding-left: 40px;\" data-offset-key=\"8ndua-0-0\"><strong>#2<\/strong> Les bandes r\u00e9fl\u00e9chissantes permettent \u00e9galement de signaler ta pr\u00e9sence aux automobilistes.<\/div><\/div>\t\t\t\t\t\t\t\t<\/div>\n\t\t\t\t<\/div>\n\t\t\t\t\t<\/div>\n\t\t<\/div>\n\t\t\t\t\t<\/div>\n\t\t<\/section>\n\t\t\t\t<section class=\"elementor-section elementor-top-section elementor-element elementor-element-3058938 elementor-section-boxed elementor-section-height-default elementor-section-height-default\" data-id=\"3058938\" data-element_type=\"section\">\n\t\t\t\t\t\t<div class=\"elementor-container elementor-column-gap-default\">\n\t\t\t\t\t<div class=\"elementor-column elementor-col-100 elementor-top-column elementor-element elementor-element-ab0ad5a\" data-id=\"ab0ad5a\" data-element_type=\"column\">\n\t\t\t<div class=\"elementor-widget-wrap elementor-element-populated\">\n\t\t\t\t\t\t<div class=\"elementor-element elementor-element-2824a0b elementor-widget elementor-widget-text-editor\" data-id=\"2824a0b\" data-element_type=\"widget\" data-widget_type=\"text-editor.default\">\n\t\t\t\t<div class=\"elementor-widget-container\">\n\t\t\t\t\t\t\t\t\t<h5 data-block=\"true\" data-editor=\"1u5ae\" data-offset-key=\"515qf-0-0\">PRATIQUE<\/h5><div data-offset-key=\"515qf-0-0\">\u00a0<\/div><div data-block=\"true\" data-editor=\"1u5ae\" data-offset-key=\"b0m5l-0-0\"><div style=\"padding-left: 40px;\" data-offset-key=\"b0m5l-0-0\"><strong>#3<\/strong> Ces vestes sont pratiques puisque tu pourras y ranger tes cl\u00e9s et ton t\u00e9l\u00e9phone simplement, gr\u00e2ce \u00e0 leur poche aimant\u00e9e.<\/div><div data-offset-key=\"b0m5l-0-0\">\u00a0<\/div><\/div><div data-block=\"true\" data-editor=\"1u5ae\" data-offset-key=\"45ok1-0-0\"><div style=\"padding-left: 40px;\" data-offset-key=\"45ok1-0-0\"><strong>#4<\/strong> Plus aucun probl\u00e8me pour fermer ta veste, si tu as eu un peu chaud 5 minutes avant, gr\u00e2ce \u00e0 l\u2019aimant qui se trouve sur le bas de la fermeture \u00e9clair.<\/div><\/div><div data-block=\"true\" data-editor=\"1u5ae\" data-offset-key=\"dsn6b-0-0\">\u00a0<\/div><div data-block=\"true\" data-editor=\"1u5ae\" data-offset-key=\"6096u-0-0\"><div style=\"padding-left: 40px;\" data-offset-key=\"6096u-0-0\"><strong>#5<\/strong> Un \u201cpasse montre\u201d est propos\u00e9 pour lire les informations de ta montre. Quand tu mettras tes gants sous l\u2019\u00e9lastique de ton poignet, crois-nous, tu seras bien content.e que l\u2019on ait pens\u00e9 \u00e0 \u00e7a !<\/div><\/div>\t\t\t\t\t\t\t\t<\/div>\n\t\t\t\t<\/div>\n\t\t\t\t<div class=\"elementor-element elementor-element-4fef7f9 elementor-widget elementor-widget-spacer\" data-id=\"4fef7f9\" data-element_type=\"widget\" data-widget_type=\"spacer.default\">\n\t\t\t\t<div class=\"elementor-widget-container\">\n\t\t\t\t\t\t\t<div class=\"elementor-spacer\">\n\t\t\t<div class=\"elementor-spacer-inner\"><\/div>\n\t\t<\/div>\n\t\t\t\t\t\t<\/div>\n\t\t\t\t<\/div>\n\t\t\t\t\t<\/div>\n\t\t<\/div>\n\t\t\t\t\t<\/div>\n\t\t<\/section>\n\t\t\t\t<\/div>\n\t\t","protected":false},"excerpt":{"rendered":"<p>Ces vestes, sp\u00e9ciale automne &#8211; hiver &#8211; soirs et matins plus frais, sont issues, tu l\u2019as bien compris, d\u2019une production locale, 100% made in Rh\u00f4ne [&#8230;]<\/p>\n","protected":false},"author":1,"featured_media":0,"parent":0,"menu_order":0,"comment_status":"closed","ping_status":"closed","template":"","meta":{"footnotes":""},"class_list":["post-87","page","type-page","status-publish","hentry"],"jetpack_sharing_enabled":true,"_links":{"self":[{"href":"https:\/\/uppik.fr\/index.php\/wp-json\/wp\/v2\/pages\/87","targetHints":{"allow":["GET"]}}],"collection":[{"href":"https:\/\/uppik.fr\/index.php\/wp-json\/wp\/v2\/pages"}],"about":[{"href":"https:\/\/uppik.fr\/index.php\/wp-json\/wp\/v2\/types\/page"}],"author":[{"embeddable":true,"href":"https:\/\/uppik.fr\/index.php\/wp-json\/wp\/v2\/users\/1"}],"replies":[{"embeddable":true,"href":"https:\/\/uppik.fr\/index.php\/wp-json\/wp\/v2\/comments?post=87"}],"version-history":[{"count":41,"href":"https:\/\/uppik.fr\/index.php\/wp-json\/wp\/v2\/pages\/87\/revisions"}],"predecessor-version":[{"id":508,"href":"https:\/\/uppik.fr\/index.php\/wp-json\/wp\/v2\/pages\/87\/revisions\/508"}],"wp:attachment":[{"href":"https:\/\/uppik.fr\/index.php\/wp-json\/wp\/v2\/media?parent=87"}],"curies":[{"name":"wp","href":"https:\/\/api.w.org\/{rel}","templated":true}]}}