{"id":608,"date":"2024-05-27T23:12:37","date_gmt":"2024-05-27T21:12:37","guid":{"rendered":"https:\/\/uppik.fr\/?post_type=product&#038;p=608"},"modified":"2024-07-25T22:22:23","modified_gmt":"2024-07-25T20:22:23","slug":"veste-coupe-vent-eclairante-femme","status":"publish","type":"product","link":"https:\/\/uppik.fr\/index.php\/product\/veste-coupe-vent-eclairante-femme\/","title":{"rendered":"Veste COUPE-VENT \u00e9clairante Femme"},"content":{"rendered":"<p>Une veste l\u00e9g\u00e8re et a\u00e9r\u00e9e qui te garde au chaud pendant les footings en plein vent.<\/p>\n<p>Livr\u00e9e avec notre dispositif \u00e9clairant pour plus de s\u00e9curit\u00e9.<\/p>\n<p><strong>Couleur :<\/strong> Gris<\/p>\n<p><strong>Composition<\/strong> : 99% Polyamide, 1% Elasthanne<\/p>\n<p><strong>Imperm\u00e9abilit\u00e9 :<\/strong> Garantie 10.000 Schmerber apr\u00e8s 3 lavages<\/p>\n","protected":false},"excerpt":{"rendered":"<p>Une veste l\u00e9g\u00e8re et a\u00e9r\u00e9e qui te garde au chaud pendant les footings en plein vent.<\/p>\n<p>Livr\u00e9e avec notre dispositif \u00e9clairant pour plus de s\u00e9curit\u00e9.<\/p>\n","protected":false},"featured_media":612,"comment_status":"open","ping_status":"closed","template":"","meta":[],"product_brand":[],"product_cat":[37],"product_tag":[35],"class_list":{"0":"post-608","1":"product","2":"type-product","3":"status-publish","4":"has-post-thumbnail","6":"product_cat-femme","7":"product_tag-veste","9":"first","10":"instock","11":"taxable","12":"shipping-taxable","13":"purchasable","14":"product-type-variable"},"jetpack_sharing_enabled":true,"_links":{"self":[{"href":"https:\/\/uppik.fr\/index.php\/wp-json\/wp\/v2\/product\/608","targetHints":{"allow":["GET"]}}],"collection":[{"href":"https:\/\/uppik.fr\/index.php\/wp-json\/wp\/v2\/product"}],"about":[{"href":"https:\/\/uppik.fr\/index.php\/wp-json\/wp\/v2\/types\/product"}],"replies":[{"embeddable":true,"href":"https:\/\/uppik.fr\/index.php\/wp-json\/wp\/v2\/comments?post=608"}],"wp:featuredmedia":[{"embeddable":true,"href":"https:\/\/uppik.fr\/index.php\/wp-json\/wp\/v2\/media\/612"}],"wp:attachment":[{"href":"https:\/\/uppik.fr\/index.php\/wp-json\/wp\/v2\/media?parent=608"}],"wp:term":[{"taxonomy":"product_brand","embeddable":true,"href":"https:\/\/uppik.fr\/index.php\/wp-json\/wp\/v2\/product_brand?post=608"},{"taxonomy":"product_cat","embeddable":true,"href":"https:\/\/uppik.fr\/index.php\/wp-json\/wp\/v2\/product_cat?post=608"},{"taxonomy":"product_tag","embeddable":true,"href":"https:\/\/uppik.fr\/index.php\/wp-json\/wp\/v2\/product_tag?post=608"}],"curies":[{"name":"wp","href":"https:\/\/api.w.org\/{rel}","templated":true}]}}