{"id":648,"date":"2024-05-22T12:21:32","date_gmt":"2024-05-22T10:21:32","guid":{"rendered":"https:\/\/uppik.fr\/?post_type=product&#038;p=648"},"modified":"2024-07-25T22:26:55","modified_gmt":"2024-07-25T20:26:55","slug":"veste-impermeable-eclairante-homme","status":"publish","type":"product","link":"https:\/\/uppik.fr\/index.php\/product\/veste-impermeable-eclairante-homme\/","title":{"rendered":"Veste IMPERM\u00c9ABLE \u00e9clairante Homme"},"content":{"rendered":"<p>Une capuche et une grande imperm\u00e9abilit\u00e9 du tissu pour te permettre de courir sous la pluie sans \u00eatre tremp\u00e9e.<\/p>\n<p>Livr\u00e9e avec notre dispositif \u00e9clairant pour plus de s\u00e9curit\u00e9.<\/p>\n<p><strong>Couleur :<\/strong> Gris<\/p>\n<p><strong>Composition<\/strong> : 99% Polyamide, 1% Elasthanne<\/p>\n<p><strong>Imperm\u00e9abilit\u00e9 :<\/strong> Garantie 10.000 Schmerber apr\u00e8s 3 lavages<\/p>\n","protected":false},"excerpt":{"rendered":"<p>Une capuche et une grande imperm\u00e9abilit\u00e9 du tissu pour te permettre de courir sous la pluie sans \u00eatre tremp\u00e9e.<\/p>\n<p>Livr\u00e9e avec notre dispositif \u00e9clairant pour plus de s\u00e9curit\u00e9.<\/p>\n","protected":false},"featured_media":653,"comment_status":"open","ping_status":"closed","template":"","meta":[],"product_brand":[],"product_cat":[36],"product_tag":[35],"class_list":{"0":"post-648","1":"product","2":"type-product","3":"status-publish","4":"has-post-thumbnail","6":"product_cat-homme","7":"product_tag-veste","9":"first","10":"instock","11":"taxable","12":"shipping-taxable","13":"purchasable","14":"product-type-variable"},"jetpack_sharing_enabled":true,"_links":{"self":[{"href":"https:\/\/uppik.fr\/index.php\/wp-json\/wp\/v2\/product\/648","targetHints":{"allow":["GET"]}}],"collection":[{"href":"https:\/\/uppik.fr\/index.php\/wp-json\/wp\/v2\/product"}],"about":[{"href":"https:\/\/uppik.fr\/index.php\/wp-json\/wp\/v2\/types\/product"}],"replies":[{"embeddable":true,"href":"https:\/\/uppik.fr\/index.php\/wp-json\/wp\/v2\/comments?post=648"}],"wp:featuredmedia":[{"embeddable":true,"href":"https:\/\/uppik.fr\/index.php\/wp-json\/wp\/v2\/media\/653"}],"wp:attachment":[{"href":"https:\/\/uppik.fr\/index.php\/wp-json\/wp\/v2\/media?parent=648"}],"wp:term":[{"taxonomy":"product_brand","embeddable":true,"href":"https:\/\/uppik.fr\/index.php\/wp-json\/wp\/v2\/product_brand?post=648"},{"taxonomy":"product_cat","embeddable":true,"href":"https:\/\/uppik.fr\/index.php\/wp-json\/wp\/v2\/product_cat?post=648"},{"taxonomy":"product_tag","embeddable":true,"href":"https:\/\/uppik.fr\/index.php\/wp-json\/wp\/v2\/product_tag?post=648"}],"curies":[{"name":"wp","href":"https:\/\/api.w.org\/{rel}","templated":true}]}}